{"id":23,"date":"2021-12-05T08:25:18","date_gmt":"2021-12-05T08:25:18","guid":{"rendered":"https:\/\/sozialkonzept-nord.de\/?page_id=23"},"modified":"2025-04-25T17:07:57","modified_gmt":"2025-04-25T15:07:57","slug":"home","status":"publish","type":"page","link":"https:\/\/sozialkonzept-nord.de\/","title":{"rendered":"Home"},"content":{"rendered":"\n<figure class=\"wp-block-image size-large is-resized is-style-default\"><img loading=\"lazy\" decoding=\"async\" width=\"1024\" height=\"269\" src=\"https:\/\/sozialkonzept-nord.de\/wp-content\/uploads\/2021\/12\/logo_komplett-1024x269.jpg\" alt=\"\" class=\"wp-image-52\" style=\"width:1169px;height:307px\" srcset=\"https:\/\/sozialkonzept-nord.de\/wp-content\/uploads\/2021\/12\/logo_komplett-1024x269.jpg 1024w, https:\/\/sozialkonzept-nord.de\/wp-content\/uploads\/2021\/12\/logo_komplett-300x79.jpg 300w, https:\/\/sozialkonzept-nord.de\/wp-content\/uploads\/2021\/12\/logo_komplett-768x202.jpg 768w, https:\/\/sozialkonzept-nord.de\/wp-content\/uploads\/2021\/12\/logo_komplett.jpg 1534w\" sizes=\"auto, (max-width: 1024px) 100vw, 1024px\" \/><\/figure>\n\n\n\n<figure class=\"wp-block-image size-full\"><img loading=\"lazy\" decoding=\"async\" width=\"475\" height=\"70\" src=\"https:\/\/sozialkonzept-nord.de\/wp-content\/uploads\/2021\/12\/bg.jpg\" alt=\"\" class=\"wp-image-55\" srcset=\"https:\/\/sozialkonzept-nord.de\/wp-content\/uploads\/2021\/12\/bg.jpg 475w, https:\/\/sozialkonzept-nord.de\/wp-content\/uploads\/2021\/12\/bg-300x44.jpg 300w\" sizes=\"auto, (max-width: 475px) 100vw, 475px\" \/><\/figure>\n\n\n\n<p>Als kompetenter Ansprechpartner rund um das Spielhallengewerbe bieten wir Fortbildung zur Suchtpr\u00e4vention *Sachkundenachweis* und <strong>Pr\u00e4ventionsschulungen f\u00fcr Servicemitarbeiter \/-innen in Spielhallen, Gastst\u00e4tten und bei Automatenaufstellern.<\/strong><\/p>\n\n\n\n<p>Wir schulen Ihr Personal auch vor Ort(Inhous &#8211; Seminar), so dass f\u00fcr Sie keine Fahrtkosten entstehen.<\/p>\n\n\n\n<p><strong>Wir helfen Ihnen auch bei Kontrollen durch das Gewerbeaufsichtsamt.<\/strong><\/p>\n\n\n\n<p><strong>Wir bieten Ihnen arbeitssicherheitstechnische und arbeitsmedizinische Betreuung Ihres Unternehmens an.<\/strong><\/p>\n\n\n\n<p>Rufen Sie uns gern zu einem Informationsgespr\u00e4ch an, Tel.: 0441-21779099.<\/p>\n\n\n\n<figure class=\"wp-block-image size-full\"><img loading=\"lazy\" decoding=\"async\" width=\"453\" height=\"60\" src=\"https:\/\/sozialkonzept-nord.de\/wp-content\/uploads\/2021\/12\/verband_1.jpg\" alt=\"\" class=\"wp-image-56\" srcset=\"https:\/\/sozialkonzept-nord.de\/wp-content\/uploads\/2021\/12\/verband_1.jpg 453w, https:\/\/sozialkonzept-nord.de\/wp-content\/uploads\/2021\/12\/verband_1-300x40.jpg 300w\" sizes=\"auto, (max-width: 453px) 100vw, 453px\" \/><\/figure>\n","protected":false},"excerpt":{"rendered":"<p>Als kompetenter Ansprechpartner rund um das Spielhallengewerbe bieten wir Fortbildung zur Suchtpr\u00e4vention *Sachkundenachweis* und Pr\u00e4ventionsschulungen f\u00fcr Servicemitarbeiter \/-innen in Spielhallen, Gastst\u00e4tten und bei Automatenaufstellern. Wir schulen Ihr Personal auch vor Ort(Inhous &#8211; Seminar), so dass f\u00fcr Sie keine Fahrtkosten entstehen. Wir helfen Ihnen auch bei Kontrollen durch das Gewerbeaufsichtsamt. Wir bieten Ihnen arbeitssicherheitstechnische und arbeitsmedizinische&hellip;&nbsp;<a href=\"https:\/\/sozialkonzept-nord.de\/\" rel=\"bookmark\">Weiterlesen &raquo;<span class=\"screen-reader-text\">Home<\/span><\/a><\/p>\n","protected":false},"author":1,"featured_media":0,"parent":0,"menu_order":0,"comment_status":"closed","ping_status":"closed","template":"","meta":{"neve_meta_sidebar":"","neve_meta_container":"","neve_meta_enable_content_width":"on","neve_meta_content_width":100,"neve_meta_title_alignment":"","neve_meta_author_avatar":"","neve_post_elements_order":"","neve_meta_disable_header":"","neve_meta_disable_footer":"","neve_meta_disable_title":"on","footnotes":""},"class_list":["post-23","page","type-page","status-publish","hentry"],"_links":{"self":[{"href":"https:\/\/sozialkonzept-nord.de\/index.php\/wp-json\/wp\/v2\/pages\/23","targetHints":{"allow":["GET"]}}],"collection":[{"href":"https:\/\/sozialkonzept-nord.de\/index.php\/wp-json\/wp\/v2\/pages"}],"about":[{"href":"https:\/\/sozialkonzept-nord.de\/index.php\/wp-json\/wp\/v2\/types\/page"}],"author":[{"embeddable":true,"href":"https:\/\/sozialkonzept-nord.de\/index.php\/wp-json\/wp\/v2\/users\/1"}],"replies":[{"embeddable":true,"href":"https:\/\/sozialkonzept-nord.de\/index.php\/wp-json\/wp\/v2\/comments?post=23"}],"version-history":[{"count":1,"href":"https:\/\/sozialkonzept-nord.de\/index.php\/wp-json\/wp\/v2\/pages\/23\/revisions"}],"predecessor-version":[{"id":192,"href":"https:\/\/sozialkonzept-nord.de\/index.php\/wp-json\/wp\/v2\/pages\/23\/revisions\/192"}],"wp:attachment":[{"href":"https:\/\/sozialkonzept-nord.de\/index.php\/wp-json\/wp\/v2\/media?parent=23"}],"curies":[{"name":"wp","href":"https:\/\/api.w.org\/{rel}","templated":true}]}}