{"id":63,"date":"2021-12-05T09:27:45","date_gmt":"2021-12-05T09:27:45","guid":{"rendered":"https:\/\/sozialkonzept-nord.de\/?page_id=63"},"modified":"2023-10-27T11:30:20","modified_gmt":"2023-10-27T09:30:20","slug":"zertifikat","status":"publish","type":"page","link":"https:\/\/sozialkonzept-nord.de\/index.php\/zertifikat\/","title":{"rendered":"Zertifikat"},"content":{"rendered":"\n<figure class=\"wp-block-image size-large is-resized is-style-default\"><img loading=\"lazy\" decoding=\"async\" width=\"1024\" height=\"269\" src=\"https:\/\/sozialkonzept-nord.de\/wp-content\/uploads\/2021\/12\/logo_komplett-1024x269.jpg\" alt=\"\" class=\"wp-image-52\" style=\"width:1169px;height:307px\" srcset=\"https:\/\/sozialkonzept-nord.de\/wp-content\/uploads\/2021\/12\/logo_komplett-1024x269.jpg 1024w, https:\/\/sozialkonzept-nord.de\/wp-content\/uploads\/2021\/12\/logo_komplett-300x79.jpg 300w, https:\/\/sozialkonzept-nord.de\/wp-content\/uploads\/2021\/12\/logo_komplett-768x202.jpg 768w, https:\/\/sozialkonzept-nord.de\/wp-content\/uploads\/2021\/12\/logo_komplett.jpg 1534w\" sizes=\"auto, (max-width: 1024px) 100vw, 1024px\" \/><\/figure>\n\n\n\n<h2 class=\"wp-block-heading\">Zertifizierung von Spielhallen VBG<\/h2>\n\n\n\n<p>Spieler- und Jugendschutz, Suchtpr\u00e4vention sowie Verantwortungsbewusstsein: Mit der Zertifizierung \u201eRegelm\u00e4\u00dfig gepr\u00fcfte Spielst\u00e4tte\u201c stellen Sie Ihren Spielst\u00e4ttenbetrieb auf ein solides Fundament. Die von uns entwickelte Zertifizierung (Arbeitsschutz) unterst\u00fctzt beim aktiven Spieler- , Jugend- und&nbsp;Arbeitsschutz und somit dem sozial verantwortlichen und anforderungskonformen Betrieb von Spielst\u00e4tten. \u00dcberdies schaffen Sie als Betreiber mit einer zertifizierten VBG Spielst\u00e4tte mehr Transparenz gegen\u00fcber Dritten. Warum? Weil Sie verdeutlichen, dass in Ihrer gepr\u00fcften Spielst\u00e4tte klar definierte Regeln und Kriterien wirksam verankert sind.<\/p>\n\n\n\n<p>Mit uns haben Sie einen unabh\u00e4ngigen und vertrauensvollen Partner an Ihrer Seite. Auf Grund unserer jahrelangen Erfahrung in der Zertifizierung f\u00fcr Spielhallen wissen wir, worauf Sie als verantwortungsbewusster Spielst\u00e4ttenbetreiber achten sollten.<\/p>\n\n\n\n<p>Sie m\u00f6chten Ihre Spielst\u00e4tte zertifizieren lassen? Vereinbaren Sie ein kostenloses Erstgespr\u00e4ch mit unseren Experten!<br><br>Die HWR Akademie steht als Ansprechpartner zur Verf\u00fcgung.<br>Tel. 0441-21779099<\/p>\n","protected":false},"excerpt":{"rendered":"<p>Zertifizierung von Spielhallen VBG Spieler- und Jugendschutz, Suchtpr\u00e4vention sowie Verantwortungsbewusstsein: Mit der Zertifizierung \u201eRegelm\u00e4\u00dfig gepr\u00fcfte Spielst\u00e4tte\u201c stellen Sie Ihren Spielst\u00e4ttenbetrieb auf ein solides Fundament. Die von uns entwickelte Zertifizierung (Arbeitsschutz) unterst\u00fctzt beim aktiven Spieler- , Jugend- und&nbsp;Arbeitsschutz und somit dem sozial verantwortlichen und anforderungskonformen Betrieb von Spielst\u00e4tten. \u00dcberdies schaffen Sie als Betreiber mit einer zertifizierten&hellip;&nbsp;<a href=\"https:\/\/sozialkonzept-nord.de\/index.php\/zertifikat\/\" rel=\"bookmark\">Weiterlesen &raquo;<span class=\"screen-reader-text\">Zertifikat<\/span><\/a><\/p>\n","protected":false},"author":1,"featured_media":0,"parent":0,"menu_order":0,"comment_status":"closed","ping_status":"closed","template":"","meta":{"neve_meta_sidebar":"","neve_meta_container":"","neve_meta_enable_content_width":"on","neve_meta_content_width":100,"neve_meta_title_alignment":"","neve_meta_author_avatar":"","neve_post_elements_order":"","neve_meta_disable_header":"","neve_meta_disable_footer":"","neve_meta_disable_title":"on","footnotes":""},"class_list":["post-63","page","type-page","status-publish","hentry"],"_links":{"self":[{"href":"https:\/\/sozialkonzept-nord.de\/index.php\/wp-json\/wp\/v2\/pages\/63","targetHints":{"allow":["GET"]}}],"collection":[{"href":"https:\/\/sozialkonzept-nord.de\/index.php\/wp-json\/wp\/v2\/pages"}],"about":[{"href":"https:\/\/sozialkonzept-nord.de\/index.php\/wp-json\/wp\/v2\/types\/page"}],"author":[{"embeddable":true,"href":"https:\/\/sozialkonzept-nord.de\/index.php\/wp-json\/wp\/v2\/users\/1"}],"replies":[{"embeddable":true,"href":"https:\/\/sozialkonzept-nord.de\/index.php\/wp-json\/wp\/v2\/comments?post=63"}],"version-history":[{"count":2,"href":"https:\/\/sozialkonzept-nord.de\/index.php\/wp-json\/wp\/v2\/pages\/63\/revisions"}],"predecessor-version":[{"id":168,"href":"https:\/\/sozialkonzept-nord.de\/index.php\/wp-json\/wp\/v2\/pages\/63\/revisions\/168"}],"wp:attachment":[{"href":"https:\/\/sozialkonzept-nord.de\/index.php\/wp-json\/wp\/v2\/media?parent=63"}],"curies":[{"name":"wp","href":"https:\/\/api.w.org\/{rel}","templated":true}]}}