{"id":65,"date":"2021-12-05T09:28:06","date_gmt":"2021-12-05T09:28:06","guid":{"rendered":"https:\/\/sozialkonzept-nord.de\/?page_id=65"},"modified":"2024-10-21T07:22:52","modified_gmt":"2024-10-21T05:22:52","slug":"sozialkonzept","status":"publish","type":"page","link":"https:\/\/sozialkonzept-nord.de\/index.php\/sozialkonzept\/","title":{"rendered":"Sozialkonzept"},"content":{"rendered":"\n<figure class=\"wp-block-image size-large is-resized is-style-default\"><img loading=\"lazy\" decoding=\"async\" width=\"1024\" height=\"269\" src=\"https:\/\/sozialkonzept-nord.de\/wp-content\/uploads\/2021\/12\/logo_komplett-1024x269.jpg\" alt=\"\" class=\"wp-image-52\" style=\"width:1169px;height:307px\" srcset=\"https:\/\/sozialkonzept-nord.de\/wp-content\/uploads\/2021\/12\/logo_komplett-1024x269.jpg 1024w, https:\/\/sozialkonzept-nord.de\/wp-content\/uploads\/2021\/12\/logo_komplett-300x79.jpg 300w, https:\/\/sozialkonzept-nord.de\/wp-content\/uploads\/2021\/12\/logo_komplett-768x202.jpg 768w, https:\/\/sozialkonzept-nord.de\/wp-content\/uploads\/2021\/12\/logo_komplett.jpg 1534w\" sizes=\"auto, (max-width: 1024px) 100vw, 1024px\" \/><\/figure>\n\n\n\n<h2 class=\"wp-block-heading\">Wie wird Ihr Sozialkonzept umgesetzt?<\/h2>\n\n\n\n<p>Pro Standort wird ein individuelles Sozialkonzept erstellt.<\/p>\n\n\n\n<p>Das Sozialkonzept wird bei der zust\u00e4ndigen Beh\u00f6rde eingereicht und die MA haben an einer neunst\u00fcndigen Pr\u00e4ventionsschulung teilzunehmen.<\/p>\n\n\n\n<p>Das Sozialkonzept und Schulungsunterlagen liegen f\u00fcr die Servicekr\u00e4fte griffbereit in der Spielhalle.<\/p>\n\n\n\n<p>Das Personal muss sich mit dem Sozialkonzept vertraut machen und alle Dienstanweisungen unterschreiben.<\/p>\n\n\n\n<p>Die Dokumentationslisten, unterschriebenen Dienstanweisungen und Schulungsnachweise werden f\u00fcr den Dokumentationsbericht archiviert.<\/p>\n\n\n\n<p>Der Dokumentationsbericht kann von uns erstellt werden.<\/p>\n\n\n\n<p>Die HWR Akademie steht als Ansprechpartner zur Verf\u00fcgung.<br>Tel. 0441-21779099<\/p>\n","protected":false},"excerpt":{"rendered":"<p>Wie wird Ihr Sozialkonzept umgesetzt? Pro Standort wird ein individuelles Sozialkonzept erstellt. Das Sozialkonzept wird bei der zust\u00e4ndigen Beh\u00f6rde eingereicht und die MA haben an einer neunst\u00fcndigen Pr\u00e4ventionsschulung teilzunehmen. Das Sozialkonzept und Schulungsunterlagen liegen f\u00fcr die Servicekr\u00e4fte griffbereit in der Spielhalle. Das Personal muss sich mit dem Sozialkonzept vertraut machen und alle Dienstanweisungen unterschreiben. Die&hellip;&nbsp;<a href=\"https:\/\/sozialkonzept-nord.de\/index.php\/sozialkonzept\/\" rel=\"bookmark\">Weiterlesen &raquo;<span class=\"screen-reader-text\">Sozialkonzept<\/span><\/a><\/p>\n","protected":false},"author":1,"featured_media":0,"parent":0,"menu_order":0,"comment_status":"closed","ping_status":"closed","template":"","meta":{"neve_meta_sidebar":"","neve_meta_container":"","neve_meta_enable_content_width":"on","neve_meta_content_width":100,"neve_meta_title_alignment":"","neve_meta_author_avatar":"","neve_post_elements_order":"","neve_meta_disable_header":"","neve_meta_disable_footer":"","neve_meta_disable_title":"on","footnotes":""},"class_list":["post-65","page","type-page","status-publish","hentry"],"_links":{"self":[{"href":"https:\/\/sozialkonzept-nord.de\/index.php\/wp-json\/wp\/v2\/pages\/65","targetHints":{"allow":["GET"]}}],"collection":[{"href":"https:\/\/sozialkonzept-nord.de\/index.php\/wp-json\/wp\/v2\/pages"}],"about":[{"href":"https:\/\/sozialkonzept-nord.de\/index.php\/wp-json\/wp\/v2\/types\/page"}],"author":[{"embeddable":true,"href":"https:\/\/sozialkonzept-nord.de\/index.php\/wp-json\/wp\/v2\/users\/1"}],"replies":[{"embeddable":true,"href":"https:\/\/sozialkonzept-nord.de\/index.php\/wp-json\/wp\/v2\/comments?post=65"}],"version-history":[{"count":1,"href":"https:\/\/sozialkonzept-nord.de\/index.php\/wp-json\/wp\/v2\/pages\/65\/revisions"}],"predecessor-version":[{"id":181,"href":"https:\/\/sozialkonzept-nord.de\/index.php\/wp-json\/wp\/v2\/pages\/65\/revisions\/181"}],"wp:attachment":[{"href":"https:\/\/sozialkonzept-nord.de\/index.php\/wp-json\/wp\/v2\/media?parent=65"}],"curies":[{"name":"wp","href":"https:\/\/api.w.org\/{rel}","templated":true}]}}