{"id":70,"date":"2021-12-05T09:30:04","date_gmt":"2021-12-05T09:30:04","guid":{"rendered":"https:\/\/sozialkonzept-nord.de\/?page_id=70"},"modified":"2021-12-05T11:44:10","modified_gmt":"2021-12-05T11:44:10","slug":"warum","status":"publish","type":"page","link":"https:\/\/sozialkonzept-nord.de\/index.php\/warum\/","title":{"rendered":"Warum?"},"content":{"rendered":"\n<figure class=\"wp-block-image size-large is-resized is-style-default\"><img loading=\"lazy\" decoding=\"async\" src=\"https:\/\/sozialkonzept-nord.de\/wp-content\/uploads\/2021\/12\/logo_komplett-1024x269.jpg\" alt=\"\" class=\"wp-image-52\" width=\"1169\" height=\"307\" srcset=\"https:\/\/sozialkonzept-nord.de\/wp-content\/uploads\/2021\/12\/logo_komplett-1024x269.jpg 1024w, https:\/\/sozialkonzept-nord.de\/wp-content\/uploads\/2021\/12\/logo_komplett-300x79.jpg 300w, https:\/\/sozialkonzept-nord.de\/wp-content\/uploads\/2021\/12\/logo_komplett-768x202.jpg 768w, https:\/\/sozialkonzept-nord.de\/wp-content\/uploads\/2021\/12\/logo_komplett.jpg 1534w\" sizes=\"auto, (max-width: 1169px) 100vw, 1169px\" \/><\/figure>\n\n\n\n<div class=\"wp-block-cover alignfull has-nv-site-bg-background-color has-background-dim\" style=\"min-height:300px;aspect-ratio:unset;\"><div class=\"wp-block-cover__inner-container is-layout-flow wp-block-cover-is-layout-flow\">\n<div class=\"wp-block-group\"><div class=\"wp-block-group__inner-container is-layout-flow wp-block-group-is-layout-flow\">\n<h2 class=\"has-neve-link-color-color has-text-color wp-block-heading\">Sozialkonzept &#8211; Warum?<\/h2>\n\n\n\n<p><span style=\"color:#000000\" class=\"has-inline-color\">Sch\u00fctzen Sie aktiv und verantwortungsvoll Ihre Mitarbeiter\/-innen und Kunden.<\/span><\/p>\n\n\n\n<p><span style=\"color:#000000\" class=\"has-inline-color\">Mit einem Auszug aus dem Staatsvertrag zum Gl\u00fccksspielwesen in Deutschland (Gl\u00fccksspielstaatsvertrag &#8211; Gl\u00fcStV) vom 15. Dezember 2011 m\u00f6chten wir Ihnen die Notwendigkeit eines Sozialkonzeptes f\u00fcr Ihr Unternehmen verdeutlichen.<\/span><\/p>\n\n\n\n<h3 class=\"has-neve-link-color-color has-text-color wp-block-heading\">\u00a7 6 Sozialkonzept<\/h3>\n\n\n\n<p><span style=\"color:#000000\" class=\"has-inline-color\">Die Veranstalter und Vermittler von \u00f6ffentlichen Gl\u00fccksspielen sind verpflichtet,&nbsp;die Spieler zu verantwortungsbewusstem Spiel anzuhalten und der Entstehung von&nbsp;Gl\u00fccksspielsucht vorzubeugen.<\/span><\/p>\n\n\n\n<p><span style=\"color:#000000\" class=\"has-inline-color\">Zu diesem Zweck haben Sie Sozialkonzepte zu entwickeln, Ihr Personal zu schulen und&nbsp;die Vorgaben des Anhangs \u201eRichtlinien zur Vermeidung und Bek\u00e4mpfung von Gl\u00fccksspielsucht\u201c&nbsp;zu erf\u00fcllen.<\/span><\/p>\n\n\n\n<p><span style=\"color:#000000\" class=\"has-inline-color\">In den Sozialkonzepten ist darzulegen, mit welchen Ma\u00dfnahmen den sozialsch\u00e4dlichen Auswirkungen des Gl\u00fccksspiels vorgebeugt werden soll und wie diese behoben werden sollen.<\/span><\/p>\n<\/div><\/div>\n<\/div><\/div>\n","protected":false},"excerpt":{"rendered":"","protected":false},"author":1,"featured_media":0,"parent":0,"menu_order":0,"comment_status":"closed","ping_status":"closed","template":"","meta":{"neve_meta_sidebar":"","neve_meta_container":"","neve_meta_enable_content_width":"on","neve_meta_content_width":100,"neve_meta_title_alignment":"","neve_meta_author_avatar":"","neve_post_elements_order":"","neve_meta_disable_header":"","neve_meta_disable_footer":"","neve_meta_disable_title":"on","footnotes":""},"class_list":["post-70","page","type-page","status-publish","hentry"],"_links":{"self":[{"href":"https:\/\/sozialkonzept-nord.de\/index.php\/wp-json\/wp\/v2\/pages\/70","targetHints":{"allow":["GET"]}}],"collection":[{"href":"https:\/\/sozialkonzept-nord.de\/index.php\/wp-json\/wp\/v2\/pages"}],"about":[{"href":"https:\/\/sozialkonzept-nord.de\/index.php\/wp-json\/wp\/v2\/types\/page"}],"author":[{"embeddable":true,"href":"https:\/\/sozialkonzept-nord.de\/index.php\/wp-json\/wp\/v2\/users\/1"}],"replies":[{"embeddable":true,"href":"https:\/\/sozialkonzept-nord.de\/index.php\/wp-json\/wp\/v2\/comments?post=70"}],"version-history":[{"count":0,"href":"https:\/\/sozialkonzept-nord.de\/index.php\/wp-json\/wp\/v2\/pages\/70\/revisions"}],"wp:attachment":[{"href":"https:\/\/sozialkonzept-nord.de\/index.php\/wp-json\/wp\/v2\/media?parent=70"}],"curies":[{"name":"wp","href":"https:\/\/api.w.org\/{rel}","templated":true}]}}